{"id":434,"date":"2020-01-11T22:35:42","date_gmt":"2020-01-11T21:35:42","guid":{"rendered":"https:\/\/www.skiclubmassieu.fr\/?page_id=434"},"modified":"2024-10-14T01:00:51","modified_gmt":"2024-10-13T23:00:51","slug":"objets-trouves","status":"publish","type":"page","link":"https:\/\/www.skiclubmassieu.fr\/index.php\/objets-trouves\/","title":{"rendered":"Objets Trouv\u00e9s"},"content":{"rendered":"<h3>Il faut attendre la premi\u00e8re sortie!<\/h3>\n<p>Pour toute information sur un objet trouv\u00e9, <a href=\"https:\/\/www.skiclubmassieu.fr\/index.php\/contact\/\">contactez le club<\/a>.<\/p>\n","protected":false},"excerpt":{"rendered":"<p>Il faut attendre la premi\u00e8re sortie! Pour toute information sur un objet trouv\u00e9, contactez le club.<\/p>\n","protected":false},"author":1,"featured_media":0,"parent":0,"menu_order":0,"comment_status":"closed","ping_status":"closed","template":"","meta":{"footnotes":""},"class_list":["post-434","page","type-page","status-publish","hentry","comments-off"],"yoast_head":"<!-- This site is optimized with the Yoast SEO plugin v24.0 - https:\/\/yoast.com\/wordpress\/plugins\/seo\/ -->\n<title>Objets Trouv\u00e9s - Massieu Ski Club<\/title>\n<meta name=\"robots\" content=\"index, follow, max-snippet:-1, max-image-preview:large, max-video-preview:-1\" \/>\n<link rel=\"canonical\" href=\"https:\/\/www.skiclubmassieu.fr\/index.php\/objets-trouves\/\" \/>\n<meta property=\"og:locale\" content=\"fr_FR\" \/>\n<meta property=\"og:type\" content=\"article\" \/>\n<meta property=\"og:title\" content=\"Objets Trouv\u00e9s - Massieu Ski Club\" \/>\n<meta property=\"og:description\" content=\"Il faut attendre la premi\u00e8re sortie! Pour toute information sur un objet trouv\u00e9, contactez le club.\" \/>\n<meta property=\"og:url\" content=\"https:\/\/www.skiclubmassieu.fr\/index.php\/objets-trouves\/\" \/>\n<meta property=\"og:site_name\" content=\"Massieu Ski Club\" \/>\n<meta property=\"article:modified_time\" content=\"2024-10-13T23:00:51+00:00\" \/>\n<meta name=\"twitter:card\" content=\"summary_large_image\" \/>\n<meta name=\"twitter:label1\" content=\"Dur\u00e9e de lecture estim\u00e9e\" \/>\n\t<meta name=\"twitter:data1\" content=\"1 minute\" \/>\n<script type=\"application\/ld+json\" class=\"yoast-schema-graph\">{\"@context\":\"https:\/\/schema.org\",\"@graph\":[{\"@type\":\"WebPage\",\"@id\":\"https:\/\/www.skiclubmassieu.fr\/index.php\/objets-trouves\/\",\"url\":\"https:\/\/www.skiclubmassieu.fr\/index.php\/objets-trouves\/\",\"name\":\"Objets Trouv\u00e9s - Massieu Ski Club\",\"isPartOf\":{\"@id\":\"https:\/\/www.skiclubmassieu.fr\/#website\"},\"datePublished\":\"2020-01-11T21:35:42+00:00\",\"dateModified\":\"2024-10-13T23:00:51+00:00\",\"breadcrumb\":{\"@id\":\"https:\/\/www.skiclubmassieu.fr\/index.php\/objets-trouves\/#breadcrumb\"},\"inLanguage\":\"fr-FR\",\"potentialAction\":[{\"@type\":\"ReadAction\",\"target\":[\"https:\/\/www.skiclubmassieu.fr\/index.php\/objets-trouves\/\"]}]},{\"@type\":\"BreadcrumbList\",\"@id\":\"https:\/\/www.skiclubmassieu.fr\/index.php\/objets-trouves\/#breadcrumb\",\"itemListElement\":[{\"@type\":\"ListItem\",\"position\":1,\"name\":\"Accueil\",\"item\":\"https:\/\/www.skiclubmassieu.fr\/\"},{\"@type\":\"ListItem\",\"position\":2,\"name\":\"Objets Trouv\u00e9s\"}]},{\"@type\":\"WebSite\",\"@id\":\"https:\/\/www.skiclubmassieu.fr\/#website\",\"url\":\"https:\/\/www.skiclubmassieu.fr\/\",\"name\":\"Massieu Ski Club\",\"description\":\"Valdaine, Pays Voironnais, ski en Chartreuse\",\"potentialAction\":[{\"@type\":\"SearchAction\",\"target\":{\"@type\":\"EntryPoint\",\"urlTemplate\":\"https:\/\/www.skiclubmassieu.fr\/?s={search_term_string}\"},\"query-input\":{\"@type\":\"PropertyValueSpecification\",\"valueRequired\":true,\"valueName\":\"search_term_string\"}}],\"inLanguage\":\"fr-FR\"}]}<\/script>\n<!-- \/ Yoast SEO plugin. -->","yoast_head_json":{"title":"Objets Trouv\u00e9s - Massieu Ski Club","robots":{"index":"index","follow":"follow","max-snippet":"max-snippet:-1","max-image-preview":"max-image-preview:large","max-video-preview":"max-video-preview:-1"},"canonical":"https:\/\/www.skiclubmassieu.fr\/index.php\/objets-trouves\/","og_locale":"fr_FR","og_type":"article","og_title":"Objets Trouv\u00e9s - Massieu Ski Club","og_description":"Il faut attendre la premi\u00e8re sortie! Pour toute information sur un objet trouv\u00e9, contactez le club.","og_url":"https:\/\/www.skiclubmassieu.fr\/index.php\/objets-trouves\/","og_site_name":"Massieu Ski Club","article_modified_time":"2024-10-13T23:00:51+00:00","twitter_card":"summary_large_image","twitter_misc":{"Dur\u00e9e de lecture estim\u00e9e":"1 minute"},"schema":{"@context":"https:\/\/schema.org","@graph":[{"@type":"WebPage","@id":"https:\/\/www.skiclubmassieu.fr\/index.php\/objets-trouves\/","url":"https:\/\/www.skiclubmassieu.fr\/index.php\/objets-trouves\/","name":"Objets Trouv\u00e9s - Massieu Ski Club","isPartOf":{"@id":"https:\/\/www.skiclubmassieu.fr\/#website"},"datePublished":"2020-01-11T21:35:42+00:00","dateModified":"2024-10-13T23:00:51+00:00","breadcrumb":{"@id":"https:\/\/www.skiclubmassieu.fr\/index.php\/objets-trouves\/#breadcrumb"},"inLanguage":"fr-FR","potentialAction":[{"@type":"ReadAction","target":["https:\/\/www.skiclubmassieu.fr\/index.php\/objets-trouves\/"]}]},{"@type":"BreadcrumbList","@id":"https:\/\/www.skiclubmassieu.fr\/index.php\/objets-trouves\/#breadcrumb","itemListElement":[{"@type":"ListItem","position":1,"name":"Accueil","item":"https:\/\/www.skiclubmassieu.fr\/"},{"@type":"ListItem","position":2,"name":"Objets Trouv\u00e9s"}]},{"@type":"WebSite","@id":"https:\/\/www.skiclubmassieu.fr\/#website","url":"https:\/\/www.skiclubmassieu.fr\/","name":"Massieu Ski Club","description":"Valdaine, Pays Voironnais, ski en Chartreuse","potentialAction":[{"@type":"SearchAction","target":{"@type":"EntryPoint","urlTemplate":"https:\/\/www.skiclubmassieu.fr\/?s={search_term_string}"},"query-input":{"@type":"PropertyValueSpecification","valueRequired":true,"valueName":"search_term_string"}}],"inLanguage":"fr-FR"}]}},"_links":{"self":[{"href":"https:\/\/www.skiclubmassieu.fr\/index.php\/wp-json\/wp\/v2\/pages\/434","targetHints":{"allow":["GET"]}}],"collection":[{"href":"https:\/\/www.skiclubmassieu.fr\/index.php\/wp-json\/wp\/v2\/pages"}],"about":[{"href":"https:\/\/www.skiclubmassieu.fr\/index.php\/wp-json\/wp\/v2\/types\/page"}],"author":[{"embeddable":true,"href":"https:\/\/www.skiclubmassieu.fr\/index.php\/wp-json\/wp\/v2\/users\/1"}],"replies":[{"embeddable":true,"href":"https:\/\/www.skiclubmassieu.fr\/index.php\/wp-json\/wp\/v2\/comments?post=434"}],"version-history":[{"count":11,"href":"https:\/\/www.skiclubmassieu.fr\/index.php\/wp-json\/wp\/v2\/pages\/434\/revisions"}],"predecessor-version":[{"id":1276,"href":"https:\/\/www.skiclubmassieu.fr\/index.php\/wp-json\/wp\/v2\/pages\/434\/revisions\/1276"}],"wp:attachment":[{"href":"https:\/\/www.skiclubmassieu.fr\/index.php\/wp-json\/wp\/v2\/media?parent=434"}],"curies":[{"name":"wp","href":"https:\/\/api.w.org\/{rel}","templated":true}]}}