{"id":11,"date":"2019-03-09T17:18:47","date_gmt":"2019-03-09T16:18:47","guid":{"rendered":"http:\/\/www.skiclubmassieu.fr\/?page_id=11"},"modified":"2022-12-04T18:51:15","modified_gmt":"2022-12-04T17:51:15","slug":"contact","status":"publish","type":"page","link":"https:\/\/www.skiclubmassieu.fr\/index.php\/contact\/","title":{"rendered":"CONTACTEZ NOUS"},"content":{"rendered":"<p>Vous souhaitez inscrire un enfant, devenir accompagnateur, participer \u00e0 une sortie ? Contactez nous<\/p>\r\n<p>Au t\u00e9l\u00e9phone: <strong>07 81 70 99 45<\/strong><\/p>\r\n\n<div class=\"wpcf7 no-js\" id=\"wpcf7-f21-o1\" lang=\"fr-FR\" dir=\"ltr\" data-wpcf7-id=\"21\">\n<div class=\"screen-reader-response\"><p role=\"status\" aria-live=\"polite\" aria-atomic=\"true\"><\/p> <ul><\/ul><\/div>\n<form action=\"\/index.php\/wp-json\/wp\/v2\/pages\/11#wpcf7-f21-o1\" method=\"post\" class=\"wpcf7-form init\" aria-label=\"Formulaire de contact\" novalidate=\"novalidate\" data-status=\"init\">\n<div style=\"display: none;\">\n<input type=\"hidden\" name=\"_wpcf7\" value=\"21\" \/>\n<input type=\"hidden\" name=\"_wpcf7_version\" value=\"6.0.1\" \/>\n<input type=\"hidden\" name=\"_wpcf7_locale\" value=\"fr_FR\" \/>\n<input type=\"hidden\" name=\"_wpcf7_unit_tag\" value=\"wpcf7-f21-o1\" \/>\n<input type=\"hidden\" name=\"_wpcf7_container_post\" value=\"0\" \/>\n<input type=\"hidden\" name=\"_wpcf7_posted_data_hash\" value=\"\" \/>\n<input type=\"hidden\" name=\"_wpcf7_recaptcha_response\" value=\"\" \/>\n<\/div>\n<link rel=\"stylesheet\" href=\"https:\/\/www.skiclubmassieu.fr\/wp-content\/plugins\/pdf-forms-for-contact-form-7\/css\/frontend.css\" \/><script type=\"text\/javascript\" src=\"https:\/\/www.skiclubmassieu.fr\/wp-content\/plugins\/pdf-forms-for-contact-form-7\/js\/frontend.js?ver=2.2.1\"><\/script><p><label> Votre nom (obligatoire)<br \/>\n<span class=\"wpcf7-form-control-wrap\" data-name=\"your-name\"><input size=\"40\" maxlength=\"400\" class=\"wpcf7-form-control wpcf7-text wpcf7-validates-as-required\" aria-required=\"true\" aria-invalid=\"false\" value=\"\" type=\"text\" name=\"your-name\" \/><\/span> <\/label>\n<\/p>\n<p><label> Votre pr\u00e9nom (obligatoire)<br \/>\n<span class=\"wpcf7-form-control-wrap\" data-name=\"your-surname\"><input size=\"40\" maxlength=\"400\" class=\"wpcf7-form-control wpcf7-text wpcf7-validates-as-required\" aria-required=\"true\" aria-invalid=\"false\" value=\"\" type=\"text\" name=\"your-surname\" \/><\/span> <\/label>\n<\/p>\n<p><label> Votre adresse de messagerie (obligatoire)<br \/>\n<span class=\"wpcf7-form-control-wrap\" data-name=\"your-email\"><input size=\"40\" maxlength=\"400\" class=\"wpcf7-form-control wpcf7-email wpcf7-validates-as-required wpcf7-text wpcf7-validates-as-email\" aria-required=\"true\" aria-invalid=\"false\" value=\"\" type=\"email\" name=\"your-email\" \/><\/span> <\/label>\n<\/p>\n<p><label> Votre num\u00e9ro de t\u00e9l\u00e9phone (obligatoire)<br \/>\n<span class=\"wpcf7-form-control-wrap\" data-name=\"tel-693\"><input size=\"40\" maxlength=\"400\" class=\"wpcf7-form-control wpcf7-tel wpcf7-validates-as-required wpcf7-text wpcf7-validates-as-tel\" aria-required=\"true\" aria-invalid=\"false\" value=\"\" type=\"tel\" name=\"tel-693\" \/><\/span> <\/label><br \/>\n<label> Votre message<br \/>\n<span class=\"wpcf7-form-control-wrap\" data-name=\"text-342\"><input size=\"40\" maxlength=\"400\" class=\"wpcf7-form-control wpcf7-text\" aria-invalid=\"false\" value=\"\" type=\"text\" name=\"text-342\" \/><\/span> <\/label>\n<\/p>\n<p><span class=\"wpcf7-form-control-wrap\" data-name=\"acceptance-339\"><span class=\"wpcf7-form-control wpcf7-acceptance\"><span class=\"wpcf7-list-item\"><label><input type=\"checkbox\" name=\"acceptance-339\" value=\"1\" aria-invalid=\"false\" \/><span class=\"wpcf7-list-item-label\">Je soumets mes coordonn\u00e9es en accord avec  <a href=\"http:\/\/www.skiclubmassieu.fr\/index.php\/politique-de-confidentialite\/\">la politique de confidentialit\u00e9 du site<\/a><\/span><\/label><\/span><\/span><\/span>\n<\/p>\n<p><input class=\"wpcf7-form-control wpcf7-submit has-spinner\" type=\"submit\" value=\"Envoyer\" \/>\n<\/p><div class=\"wpcf7-response-output\" aria-hidden=\"true\"><\/div>\n<\/form>\n<\/div>\n\n","protected":false},"excerpt":{"rendered":"<p>Vous souhaitez inscrire un enfant, devenir accompagnateur, participer \u00e0 une sortie ? Contactez nous Au t\u00e9l\u00e9phone: 07 81 70 99 45<\/p>\n","protected":false},"author":1,"featured_media":0,"parent":0,"menu_order":0,"comment_status":"closed","ping_status":"closed","template":"","meta":{"footnotes":""},"class_list":["post-11","page","type-page","status-publish","hentry","comments-off"],"yoast_head":"<!-- This site is optimized with the Yoast SEO plugin v24.0 - https:\/\/yoast.com\/wordpress\/plugins\/seo\/ -->\n<title>CONTACTEZ NOUS - Massieu Ski Club<\/title>\n<meta name=\"robots\" content=\"index, follow, max-snippet:-1, max-image-preview:large, max-video-preview:-1\" \/>\n<link rel=\"canonical\" href=\"https:\/\/www.skiclubmassieu.fr\/index.php\/contact\/\" \/>\n<meta property=\"og:locale\" content=\"fr_FR\" \/>\n<meta property=\"og:type\" content=\"article\" \/>\n<meta property=\"og:title\" content=\"CONTACTEZ NOUS - Massieu Ski Club\" \/>\n<meta property=\"og:description\" content=\"Vous souhaitez inscrire un enfant, devenir accompagnateur, participer \u00e0 une sortie ? Contactez nous Au t\u00e9l\u00e9phone: 07 81 70 99 45\" \/>\n<meta property=\"og:url\" content=\"https:\/\/www.skiclubmassieu.fr\/index.php\/contact\/\" \/>\n<meta property=\"og:site_name\" content=\"Massieu Ski Club\" \/>\n<meta property=\"article:modified_time\" content=\"2022-12-04T17:51:15+00:00\" \/>\n<meta name=\"twitter:card\" content=\"summary_large_image\" \/>\n<script type=\"application\/ld+json\" class=\"yoast-schema-graph\">{\"@context\":\"https:\/\/schema.org\",\"@graph\":[{\"@type\":\"WebPage\",\"@id\":\"https:\/\/www.skiclubmassieu.fr\/index.php\/contact\/\",\"url\":\"https:\/\/www.skiclubmassieu.fr\/index.php\/contact\/\",\"name\":\"CONTACTEZ NOUS - Massieu Ski Club\",\"isPartOf\":{\"@id\":\"https:\/\/www.skiclubmassieu.fr\/#website\"},\"datePublished\":\"2019-03-09T16:18:47+00:00\",\"dateModified\":\"2022-12-04T17:51:15+00:00\",\"breadcrumb\":{\"@id\":\"https:\/\/www.skiclubmassieu.fr\/index.php\/contact\/#breadcrumb\"},\"inLanguage\":\"fr-FR\",\"potentialAction\":[{\"@type\":\"ReadAction\",\"target\":[\"https:\/\/www.skiclubmassieu.fr\/index.php\/contact\/\"]}]},{\"@type\":\"BreadcrumbList\",\"@id\":\"https:\/\/www.skiclubmassieu.fr\/index.php\/contact\/#breadcrumb\",\"itemListElement\":[{\"@type\":\"ListItem\",\"position\":1,\"name\":\"Accueil\",\"item\":\"https:\/\/www.skiclubmassieu.fr\/\"},{\"@type\":\"ListItem\",\"position\":2,\"name\":\"CONTACTEZ NOUS\"}]},{\"@type\":\"WebSite\",\"@id\":\"https:\/\/www.skiclubmassieu.fr\/#website\",\"url\":\"https:\/\/www.skiclubmassieu.fr\/\",\"name\":\"Massieu Ski Club\",\"description\":\"Valdaine, Pays Voironnais, ski en Chartreuse\",\"potentialAction\":[{\"@type\":\"SearchAction\",\"target\":{\"@type\":\"EntryPoint\",\"urlTemplate\":\"https:\/\/www.skiclubmassieu.fr\/?s={search_term_string}\"},\"query-input\":{\"@type\":\"PropertyValueSpecification\",\"valueRequired\":true,\"valueName\":\"search_term_string\"}}],\"inLanguage\":\"fr-FR\"}]}<\/script>\n<!-- \/ Yoast SEO plugin. -->","yoast_head_json":{"title":"CONTACTEZ NOUS - Massieu Ski Club","robots":{"index":"index","follow":"follow","max-snippet":"max-snippet:-1","max-image-preview":"max-image-preview:large","max-video-preview":"max-video-preview:-1"},"canonical":"https:\/\/www.skiclubmassieu.fr\/index.php\/contact\/","og_locale":"fr_FR","og_type":"article","og_title":"CONTACTEZ NOUS - Massieu Ski Club","og_description":"Vous souhaitez inscrire un enfant, devenir accompagnateur, participer \u00e0 une sortie ? Contactez nous Au t\u00e9l\u00e9phone: 07 81 70 99 45","og_url":"https:\/\/www.skiclubmassieu.fr\/index.php\/contact\/","og_site_name":"Massieu Ski Club","article_modified_time":"2022-12-04T17:51:15+00:00","twitter_card":"summary_large_image","schema":{"@context":"https:\/\/schema.org","@graph":[{"@type":"WebPage","@id":"https:\/\/www.skiclubmassieu.fr\/index.php\/contact\/","url":"https:\/\/www.skiclubmassieu.fr\/index.php\/contact\/","name":"CONTACTEZ NOUS - Massieu Ski Club","isPartOf":{"@id":"https:\/\/www.skiclubmassieu.fr\/#website"},"datePublished":"2019-03-09T16:18:47+00:00","dateModified":"2022-12-04T17:51:15+00:00","breadcrumb":{"@id":"https:\/\/www.skiclubmassieu.fr\/index.php\/contact\/#breadcrumb"},"inLanguage":"fr-FR","potentialAction":[{"@type":"ReadAction","target":["https:\/\/www.skiclubmassieu.fr\/index.php\/contact\/"]}]},{"@type":"BreadcrumbList","@id":"https:\/\/www.skiclubmassieu.fr\/index.php\/contact\/#breadcrumb","itemListElement":[{"@type":"ListItem","position":1,"name":"Accueil","item":"https:\/\/www.skiclubmassieu.fr\/"},{"@type":"ListItem","position":2,"name":"CONTACTEZ NOUS"}]},{"@type":"WebSite","@id":"https:\/\/www.skiclubmassieu.fr\/#website","url":"https:\/\/www.skiclubmassieu.fr\/","name":"Massieu Ski Club","description":"Valdaine, Pays Voironnais, ski en Chartreuse","potentialAction":[{"@type":"SearchAction","target":{"@type":"EntryPoint","urlTemplate":"https:\/\/www.skiclubmassieu.fr\/?s={search_term_string}"},"query-input":{"@type":"PropertyValueSpecification","valueRequired":true,"valueName":"search_term_string"}}],"inLanguage":"fr-FR"}]}},"_links":{"self":[{"href":"https:\/\/www.skiclubmassieu.fr\/index.php\/wp-json\/wp\/v2\/pages\/11","targetHints":{"allow":["GET"]}}],"collection":[{"href":"https:\/\/www.skiclubmassieu.fr\/index.php\/wp-json\/wp\/v2\/pages"}],"about":[{"href":"https:\/\/www.skiclubmassieu.fr\/index.php\/wp-json\/wp\/v2\/types\/page"}],"author":[{"embeddable":true,"href":"https:\/\/www.skiclubmassieu.fr\/index.php\/wp-json\/wp\/v2\/users\/1"}],"replies":[{"embeddable":true,"href":"https:\/\/www.skiclubmassieu.fr\/index.php\/wp-json\/wp\/v2\/comments?post=11"}],"version-history":[{"count":11,"href":"https:\/\/www.skiclubmassieu.fr\/index.php\/wp-json\/wp\/v2\/pages\/11\/revisions"}],"predecessor-version":[{"id":848,"href":"https:\/\/www.skiclubmassieu.fr\/index.php\/wp-json\/wp\/v2\/pages\/11\/revisions\/848"}],"wp:attachment":[{"href":"https:\/\/www.skiclubmassieu.fr\/index.php\/wp-json\/wp\/v2\/media?parent=11"}],"curies":[{"name":"wp","href":"https:\/\/api.w.org\/{rel}","templated":true}]}}